{"id":2,"date":"2024-10-09T11:09:29","date_gmt":"2024-10-09T11:09:29","guid":{"rendered":"https:\/\/jatorymas.rkinformatika.online\/?page_id=2"},"modified":"2024-10-24T07:06:47","modified_gmt":"2024-10-24T07:06:47","slug":"inicio","status":"publish","type":"page","link":"https:\/\/messeguerbarbershop.com\/en\/","title":{"rendered":"Home"},"content":{"rendered":"\t\t<div data-elementor-type=\"wp-page\" data-elementor-id=\"2\" class=\"elementor elementor-2\" data-elementor-post-type=\"page\">\n\t\t\t\t\t\t<section class=\"elementor-section elementor-top-section elementor-element elementor-element-5f6402af elementor-section-stretched elementor-section-boxed elementor-section-height-default elementor-section-height-default elementor-invisible\" data-id=\"5f6402af\" data-element_type=\"section\" data-e-type=\"section\" data-settings=\"{&quot;stretch_section&quot;:&quot;section-stretched&quot;,&quot;background_background&quot;:&quot;slideshow&quot;,&quot;background_slideshow_gallery&quot;:[{&quot;id&quot;:1459,&quot;url&quot;:&quot;https:\\\/\\\/messeguerbarbershop.com\\\/wp-content\\\/uploads\\\/2024\\\/10\\\/2023-03-02-Messeguer-BarberShop.jpg&quot;},{&quot;id&quot;:1483,&quot;url&quot;:&quot;https:\\\/\\\/messeguerbarbershop.com\\\/wp-content\\\/uploads\\\/2024\\\/10\\\/man-with-beard-is-getting-haircut-barbershop-1-scaled.jpg&quot;},{&quot;id&quot;:1484,&quot;url&quot;:&quot;https:\\\/\\\/messeguerbarbershop.com\\\/wp-content\\\/uploads\\\/2024\\\/10\\\/black-white-close-up-man-getting-his-beard-trimmed-with-scissors-by-barber-mans-eyes-are-closed-he-looks-relaxed-1-scaled.jpg&quot;},{&quot;id&quot;:1485,&quot;url&quot;:&quot;https:\\\/\\\/messeguerbarbershop.com\\\/wp-content\\\/uploads\\\/2024\\\/10\\\/close-up-details-hairdresser-salon-1-scaled.jpg&quot;}],&quot;background_slideshow_lazyload&quot;:&quot;yes&quot;,&quot;background_slideshow_ken_burns&quot;:&quot;yes&quot;,&quot;animation&quot;:&quot;fadeIn&quot;,&quot;background_slideshow_loop&quot;:&quot;yes&quot;,&quot;background_slideshow_slide_duration&quot;:5000,&quot;background_slideshow_slide_transition&quot;:&quot;fade&quot;,&quot;background_slideshow_transition_duration&quot;:500,&quot;background_slideshow_ken_burns_zoom_direction&quot;:&quot;in&quot;}\">\n\t\t\t\t\t\t\t<div class=\"elementor-background-overlay\"><\/div>\n\t\t\t\t\t\t\t<div class=\"elementor-container elementor-column-gap-default\">\n\t\t\t\t\t<div class=\"elementor-column elementor-col-50 elementor-top-column elementor-element elementor-element-4595f451\" data-id=\"4595f451\" data-element_type=\"column\" data-e-type=\"column\">\n\t\t\t<div class=\"elementor-widget-wrap elementor-element-populated\">\n\t\t\t\t\t\t<div class=\"elementor-element elementor-element-2dd4b01 elementor-invisible elementor-widget elementor-widget-heading\" data-id=\"2dd4b01\" data-element_type=\"widget\" data-e-type=\"widget\" data-settings=\"{&quot;_animation&quot;:&quot;fadeInLeft&quot;}\" data-widget_type=\"heading.default\">\n\t\t\t\t<div class=\"elementor-widget-container\">\n\t\t\t\t\t<h1 class=\"elementor-heading-title elementor-size-default\">Bienvenidos a Messeguer Barbershop<\/h1>\t\t\t\t<\/div>\n\t\t\t\t<\/div>\n\t\t\t\t<div class=\"elementor-element elementor-element-490f61e elementor-invisible elementor-widget elementor-widget-text-editor\" data-id=\"490f61e\" data-element_type=\"widget\" data-e-type=\"widget\" data-settings=\"{&quot;_animation&quot;:&quot;fadeInRight&quot;}\" data-widget_type=\"text-editor.default\">\n\t\t\t\t<div class=\"elementor-widget-container\">\n\t\t\t\t\t\t\t\t\t<p>\u00a1Renueva tu estilo! Ven ahora a <strong>Messeguer Barbershop<\/strong> y asegura tu look.<\/p>\t\t\t\t\t\t\t\t<\/div>\n\t\t\t\t<\/div>\n\t\t\t\t<div class=\"elementor-element elementor-element-68b40706 elementor-widget__width-auto elementor-mobile-align-justify elementor-widget-mobile__width-inherit elementor-invisible elementor-widget elementor-widget-button\" data-id=\"68b40706\" data-element_type=\"widget\" data-e-type=\"widget\" data-settings=\"{&quot;_animation&quot;:&quot;fadeInUp&quot;}\" data-widget_type=\"button.default\">\n\t\t\t\t<div class=\"elementor-widget-container\">\n\t\t\t\t\t\t\t\t\t<div class=\"elementor-button-wrapper\">\n\t\t\t\t\t<a class=\"elementor-button elementor-button-link elementor-size-md elementor-animation-hang\" href=\"https:\/\/g.co\/kgs\/byr2B3x\" target=\"_blank\">\n\t\t\t\t\t\t<span class=\"elementor-button-content-wrapper\">\n\t\t\t\t\t\t\t\t\t<span class=\"elementor-button-text\">Vis\u00edtanos<\/span>\n\t\t\t\t\t<\/span>\n\t\t\t\t\t<\/a>\n\t\t\t\t<\/div>\n\t\t\t\t\t\t\t\t<\/div>\n\t\t\t\t<\/div>\n\t\t\t\t<div class=\"elementor-element elementor-element-13596df6 elementor-widget__width-auto elementor-mobile-align-justify elementor-widget-mobile__width-inherit elementor-invisible elementor-widget elementor-widget-button\" data-id=\"13596df6\" data-element_type=\"widget\" data-e-type=\"widget\" data-settings=\"{&quot;_animation&quot;:&quot;fadeInUp&quot;}\" data-widget_type=\"button.default\">\n\t\t\t\t<div class=\"elementor-widget-container\">\n\t\t\t\t\t\t\t\t\t<div class=\"elementor-button-wrapper\">\n\t\t\t\t\t<a class=\"elementor-button elementor-button-link elementor-size-md elementor-animation-hang\" href=\"https:\/\/messeguerbarbershop.com\/servicios\/\">\n\t\t\t\t\t\t<span class=\"elementor-button-content-wrapper\">\n\t\t\t\t\t\t\t\t\t<span class=\"elementor-button-text\">saber m\u00e1s<\/span>\n\t\t\t\t\t<\/span>\n\t\t\t\t\t<\/a>\n\t\t\t\t<\/div>\n\t\t\t\t\t\t\t\t<\/div>\n\t\t\t\t<\/div>\n\t\t\t\t\t<\/div>\n\t\t<\/div>\n\t\t\t\t<div class=\"elementor-column elementor-col-50 elementor-top-column elementor-element elementor-element-63f1136\" data-id=\"63f1136\" data-element_type=\"column\" data-e-type=\"column\">\n\t\t\t<div class=\"elementor-widget-wrap elementor-element-populated\">\n\t\t\t\t\t\t<section class=\"elementor-section elementor-inner-section elementor-element elementor-element-102fadb elementor-section-boxed elementor-section-height-default elementor-section-height-default\" data-id=\"102fadb\" data-element_type=\"section\" data-e-type=\"section\">\n\t\t\t\t\t\t<div class=\"elementor-container elementor-column-gap-no\">\n\t\t\t\t\t<div class=\"elementor-column elementor-col-50 elementor-inner-column elementor-element elementor-element-c6e9896\" data-id=\"c6e9896\" data-element_type=\"column\" data-e-type=\"column\">\n\t\t\t<div class=\"elementor-widget-wrap\">\n\t\t\t\t\t\t\t<\/div>\n\t\t<\/div>\n\t\t\t\t<div class=\"elementor-column elementor-col-50 elementor-inner-column elementor-element elementor-element-563e573\" data-id=\"563e573\" data-element_type=\"column\" data-e-type=\"column\">\n\t\t\t<div class=\"elementor-widget-wrap\">\n\t\t\t\t\t\t\t<\/div>\n\t\t<\/div>\n\t\t\t\t\t<\/div>\n\t\t<\/section>\n\t\t\t\t\t<\/div>\n\t\t<\/div>\n\t\t\t\t\t<\/div>\n\t\t<\/section>\n\t\t\t\t<section class=\"elementor-section elementor-top-section elementor-element elementor-element-3587dbf9 elementor-section-stretched elementor-section-boxed elementor-section-height-default elementor-section-height-default\" data-id=\"3587dbf9\" data-element_type=\"section\" data-e-type=\"section\" data-settings=\"{&quot;stretch_section&quot;:&quot;section-stretched&quot;}\">\n\t\t\t\t\t\t<div class=\"elementor-container elementor-column-gap-default\">\n\t\t\t\t\t<div class=\"elementor-column elementor-col-100 elementor-top-column elementor-element elementor-element-b338755\" data-id=\"b338755\" data-element_type=\"column\" data-e-type=\"column\">\n\t\t\t<div class=\"elementor-widget-wrap elementor-element-populated\">\n\t\t\t\t\t\t<section class=\"elementor-section elementor-inner-section elementor-element elementor-element-6d8dc3e3 elementor-section-content-middle elementor-section-boxed elementor-section-height-default elementor-section-height-default\" data-id=\"6d8dc3e3\" data-element_type=\"section\" data-e-type=\"section\" data-settings=\"{&quot;background_background&quot;:&quot;classic&quot;}\">\n\t\t\t\t\t\t<div class=\"elementor-container elementor-column-gap-wider\">\n\t\t\t\t\t<div class=\"elementor-column elementor-col-50 elementor-inner-column elementor-element elementor-element-3448c0c3 elementor-hidden-mobile elementor-invisible\" data-id=\"3448c0c3\" data-element_type=\"column\" data-e-type=\"column\" data-settings=\"{&quot;animation&quot;:&quot;fadeInLeft&quot;,&quot;background_background&quot;:&quot;classic&quot;}\">\n\t\t\t<div class=\"elementor-widget-wrap\">\n\t\t\t\t\t\t\t<\/div>\n\t\t<\/div>\n\t\t\t\t<div class=\"elementor-column elementor-col-50 elementor-inner-column elementor-element elementor-element-43fd68a4 elementor-invisible\" data-id=\"43fd68a4\" data-element_type=\"column\" data-e-type=\"column\" data-settings=\"{&quot;animation&quot;:&quot;fadeInRight&quot;,&quot;background_background&quot;:&quot;classic&quot;}\">\n\t\t\t<div class=\"elementor-widget-wrap elementor-element-populated\">\n\t\t\t\t\t\t<div class=\"elementor-element elementor-element-bbb106f elementor-hidden-desktop elementor-hidden-tablet elementor-widget elementor-widget-image\" data-id=\"bbb106f\" data-element_type=\"widget\" data-e-type=\"widget\" data-widget_type=\"image.default\">\n\t\t\t\t<div class=\"elementor-widget-container\">\n\t\t\t\t\t\t\t\t\t\t\t\t\t\t\t<img decoding=\"async\" src=\"https:\/\/messeguerbarbershop.com\/wp-content\/uploads\/2024\/10\/9.png\" title=\"\" alt=\"\" loading=\"lazy\" \/>\t\t\t\t\t\t\t\t\t\t\t\t\t\t\t<\/div>\n\t\t\t\t<\/div>\n\t\t\t\t<div class=\"elementor-element elementor-element-438bf801 elementor-widget elementor-widget-heading\" data-id=\"438bf801\" data-element_type=\"widget\" data-e-type=\"widget\" data-widget_type=\"heading.default\">\n\t\t\t\t<div class=\"elementor-widget-container\">\n\t\t\t\t\t<h2 class=\"elementor-heading-title elementor-size-default\">Mi historia<\/h2>\t\t\t\t<\/div>\n\t\t\t\t<\/div>\n\t\t\t\t<div class=\"elementor-element elementor-element-296356b4 elementor-widget elementor-widget-text-editor\" data-id=\"296356b4\" data-element_type=\"widget\" data-e-type=\"widget\" data-widget_type=\"text-editor.default\">\n\t\t\t\t<div class=\"elementor-widget-container\">\n\t\t\t\t\t\t\t\t\t<p>Con m\u00e1s de una d\u00e9cada de historia, <strong>Messeguer Barbershop<\/strong> se ha consolidado como un referente en Los Belones, ofreciendo servicios de excelencia en peluquer\u00eda y barber\u00eda masculina. A lo largo de estos diez a\u00f1os, la barber\u00eda ha construido una reputaci\u00f3n basada en el profesionalismo, la atenci\u00f3n al detalle y el compromiso continuo de proporcionar una experiencia \u00fanica a sus clientes. Cada corte y cada afeitado en <strong>Messeguer Barbershop<\/strong> reflejan la dedicaci\u00f3n y pasi\u00f3n por ofrecer lo mejor, asegurando que cada cliente salga con su estilo renovado y una experiencia de calidad.<\/p>\t\t\t\t\t\t\t\t<\/div>\n\t\t\t\t<\/div>\n\t\t\t\t\t<\/div>\n\t\t<\/div>\n\t\t\t\t\t<\/div>\n\t\t<\/section>\n\t\t\t\t\t<\/div>\n\t\t<\/div>\n\t\t\t\t\t<\/div>\n\t\t<\/section>\n\t\t\t\t<section class=\"elementor-section elementor-top-section elementor-element elementor-element-138d7d2e elementor-section-content-middle elementor-section-boxed elementor-section-height-default elementor-section-height-default\" data-id=\"138d7d2e\" data-element_type=\"section\" data-e-type=\"section\" data-settings=\"{&quot;background_background&quot;:&quot;classic&quot;}\">\n\t\t\t\t\t\t\t<div class=\"elementor-background-overlay\"><\/div>\n\t\t\t\t\t\t\t<div class=\"elementor-container elementor-column-gap-no\">\n\t\t\t\t\t<div class=\"elementor-column elementor-col-100 elementor-top-column elementor-element elementor-element-3b5f9cc7\" data-id=\"3b5f9cc7\" data-element_type=\"column\" data-e-type=\"column\">\n\t\t\t<div class=\"elementor-widget-wrap elementor-element-populated\">\n\t\t\t\t\t\t<div class=\"elementor-element elementor-element-66777d00 elementor-invisible elementor-widget elementor-widget-heading\" data-id=\"66777d00\" data-element_type=\"widget\" data-e-type=\"widget\" data-settings=\"{&quot;_animation&quot;:&quot;fadeInUp&quot;,&quot;_animation_delay&quot;:200}\" data-widget_type=\"heading.default\">\n\t\t\t\t<div class=\"elementor-widget-container\">\n\t\t\t\t\t<h2 class=\"elementor-heading-title elementor-size-default\">\u00bfA qu\u00e9 esperas para cambiar de look?<\/h2>\t\t\t\t<\/div>\n\t\t\t\t<\/div>\n\t\t\t\t<div class=\"elementor-element elementor-element-585c040 elementor-widget__width-initial elementor-mobile-align-justify elementor-widget-mobile__width-inherit elementor-align-center elementor-invisible elementor-widget elementor-widget-button\" data-id=\"585c040\" data-element_type=\"widget\" data-e-type=\"widget\" data-settings=\"{&quot;_animation&quot;:&quot;fadeInUp&quot;}\" data-widget_type=\"button.default\">\n\t\t\t\t<div class=\"elementor-widget-container\">\n\t\t\t\t\t\t\t\t\t<div class=\"elementor-button-wrapper\">\n\t\t\t\t\t<a class=\"elementor-button elementor-button-link elementor-size-md elementor-animation-hang\" href=\"https:\/\/g.co\/kgs\/byr2B3x\" target=\"_blank\">\n\t\t\t\t\t\t<span class=\"elementor-button-content-wrapper\">\n\t\t\t\t\t\t\t\t\t<span class=\"elementor-button-text\">Vis\u00edtanos<\/span>\n\t\t\t\t\t<\/span>\n\t\t\t\t\t<\/a>\n\t\t\t\t<\/div>\n\t\t\t\t\t\t\t\t<\/div>\n\t\t\t\t<\/div>\n\t\t\t\t\t<\/div>\n\t\t<\/div>\n\t\t\t\t\t<\/div>\n\t\t<\/section>\n\t\t\t\t<\/div>\n\t\t","protected":false},"excerpt":{"rendered":"<p>Bienvenidos a Messeguer Barbershop \u00a1Renueva tu estilo! Ven ahora a Messeguer Barbershop y asegura tu look. Vis\u00edtanos saber m\u00e1s Mi historia Con m\u00e1s de una d\u00e9cada de historia, Messeguer Barbershop se ha consolidado como un referente en Los Belones, ofreciendo servicios de excelencia en peluquer\u00eda y barber\u00eda masculina. A lo largo de estos diez a\u00f1os, [&hellip;]<\/p>\n","protected":false},"author":1,"featured_media":0,"parent":0,"menu_order":0,"comment_status":"closed","ping_status":"closed","template":"elementor_canvas","meta":{"footnotes":""},"class_list":["post-2","page","type-page","status-publish","hentry"],"yoast_head":"<!-- This site is optimized with the Yoast SEO plugin v27.4 - https:\/\/yoast.com\/product\/yoast-seo-wordpress\/ -->\n<title>Inicio - Messeguer Barbershop<\/title>\n<meta name=\"robots\" content=\"index, follow, max-snippet:-1, max-image-preview:large, max-video-preview:-1\" \/>\n<link rel=\"canonical\" href=\"https:\/\/messeguerbarbershop.com\/en\/\" \/>\n<meta property=\"og:locale\" content=\"en_GB\" \/>\n<meta property=\"og:type\" content=\"article\" \/>\n<meta property=\"og:title\" content=\"Inicio - Messeguer Barbershop\" \/>\n<meta property=\"og:description\" content=\"Bienvenidos a Messeguer Barbershop \u00a1Renueva tu estilo! Ven ahora a Messeguer Barbershop y asegura tu look. Vis\u00edtanos saber m\u00e1s Mi historia Con m\u00e1s de una d\u00e9cada de historia, Messeguer Barbershop se ha consolidado como un referente en Los Belones, ofreciendo servicios de excelencia en peluquer\u00eda y barber\u00eda masculina. A lo largo de estos diez a\u00f1os, [&hellip;]\" \/>\n<meta property=\"og:url\" content=\"https:\/\/messeguerbarbershop.com\/en\/\" \/>\n<meta property=\"og:site_name\" content=\"Messeguer Barbershop\" \/>\n<meta property=\"article:modified_time\" content=\"2024-10-24T07:06:47+00:00\" \/>\n<meta property=\"og:image\" content=\"https:\/\/messeguerbarbershop.com\/wp-content\/uploads\/2024\/10\/9.png\" \/>\n<meta name=\"twitter:card\" content=\"summary_large_image\" \/>\n<meta name=\"twitter:label1\" content=\"Estimated reading time\" \/>\n\t<meta name=\"twitter:data1\" content=\"1 minute\" \/>\n<script type=\"application\/ld+json\" class=\"yoast-schema-graph\">{\"@context\":\"https:\\\/\\\/schema.org\",\"@graph\":[{\"@type\":\"WebPage\",\"@id\":\"https:\\\/\\\/messeguerbarbershop.com\\\/\",\"url\":\"https:\\\/\\\/messeguerbarbershop.com\\\/\",\"name\":\"Inicio - Messeguer Barbershop\",\"isPartOf\":{\"@id\":\"https:\\\/\\\/messeguerbarbershop.com\\\/#website\"},\"primaryImageOfPage\":{\"@id\":\"https:\\\/\\\/messeguerbarbershop.com\\\/#primaryimage\"},\"image\":{\"@id\":\"https:\\\/\\\/messeguerbarbershop.com\\\/#primaryimage\"},\"thumbnailUrl\":\"https:\\\/\\\/messeguerbarbershop.com\\\/wp-content\\\/uploads\\\/2024\\\/10\\\/9.png\",\"datePublished\":\"2024-10-09T11:09:29+00:00\",\"dateModified\":\"2024-10-24T07:06:47+00:00\",\"breadcrumb\":{\"@id\":\"https:\\\/\\\/messeguerbarbershop.com\\\/#breadcrumb\"},\"inLanguage\":\"en-GB\",\"potentialAction\":[{\"@type\":\"ReadAction\",\"target\":[\"https:\\\/\\\/messeguerbarbershop.com\\\/\"]}]},{\"@type\":\"ImageObject\",\"inLanguage\":\"en-GB\",\"@id\":\"https:\\\/\\\/messeguerbarbershop.com\\\/#primaryimage\",\"url\":\"https:\\\/\\\/messeguerbarbershop.com\\\/wp-content\\\/uploads\\\/2024\\\/10\\\/9.png\",\"contentUrl\":\"https:\\\/\\\/messeguerbarbershop.com\\\/wp-content\\\/uploads\\\/2024\\\/10\\\/9.png\"},{\"@type\":\"BreadcrumbList\",\"@id\":\"https:\\\/\\\/messeguerbarbershop.com\\\/#breadcrumb\",\"itemListElement\":[{\"@type\":\"ListItem\",\"position\":1,\"name\":\"Portada\",\"item\":\"https:\\\/\\\/messeguerbarbershop.com\\\/\"},{\"@type\":\"ListItem\",\"position\":2,\"name\":\"Inicio\"}]},{\"@type\":\"WebSite\",\"@id\":\"https:\\\/\\\/messeguerbarbershop.com\\\/#website\",\"url\":\"https:\\\/\\\/messeguerbarbershop.com\\\/\",\"name\":\"Messeguer Barbershop\",\"description\":\"Manicurista y pedicura\",\"publisher\":{\"@id\":\"https:\\\/\\\/messeguerbarbershop.com\\\/#organization\"},\"potentialAction\":[{\"@type\":\"SearchAction\",\"target\":{\"@type\":\"EntryPoint\",\"urlTemplate\":\"https:\\\/\\\/messeguerbarbershop.com\\\/?s={search_term_string}\"},\"query-input\":{\"@type\":\"PropertyValueSpecification\",\"valueRequired\":true,\"valueName\":\"search_term_string\"}}],\"inLanguage\":\"en-GB\"},{\"@type\":\"Organization\",\"@id\":\"https:\\\/\\\/messeguerbarbershop.com\\\/#organization\",\"name\":\"Messeguer Barbershop\",\"url\":\"https:\\\/\\\/messeguerbarbershop.com\\\/\",\"logo\":{\"@type\":\"ImageObject\",\"inLanguage\":\"en-GB\",\"@id\":\"https:\\\/\\\/messeguerbarbershop.com\\\/#\\\/schema\\\/logo\\\/image\\\/\",\"url\":\"https:\\\/\\\/messeguerbarbershop.com\\\/wp-content\\\/uploads\\\/2024\\\/10\\\/cropped-Design-sem-nome.png\",\"contentUrl\":\"https:\\\/\\\/messeguerbarbershop.com\\\/wp-content\\\/uploads\\\/2024\\\/10\\\/cropped-Design-sem-nome.png\",\"width\":1080,\"height\":1070,\"caption\":\"Messeguer Barbershop\"},\"image\":{\"@id\":\"https:\\\/\\\/messeguerbarbershop.com\\\/#\\\/schema\\\/logo\\\/image\\\/\"}}]}<\/script>\n<!-- \/ Yoast SEO plugin. -->","yoast_head_json":{"title":"Inicio - Messeguer Barbershop","robots":{"index":"index","follow":"follow","max-snippet":"max-snippet:-1","max-image-preview":"max-image-preview:large","max-video-preview":"max-video-preview:-1"},"canonical":"https:\/\/messeguerbarbershop.com\/en\/","og_locale":"en_GB","og_type":"article","og_title":"Inicio - Messeguer Barbershop","og_description":"Bienvenidos a Messeguer Barbershop \u00a1Renueva tu estilo! Ven ahora a Messeguer Barbershop y asegura tu look. Vis\u00edtanos saber m\u00e1s Mi historia Con m\u00e1s de una d\u00e9cada de historia, Messeguer Barbershop se ha consolidado como un referente en Los Belones, ofreciendo servicios de excelencia en peluquer\u00eda y barber\u00eda masculina. A lo largo de estos diez a\u00f1os, [&hellip;]","og_url":"https:\/\/messeguerbarbershop.com\/en\/","og_site_name":"Messeguer Barbershop","article_modified_time":"2024-10-24T07:06:47+00:00","og_image":[{"url":"https:\/\/messeguerbarbershop.com\/wp-content\/uploads\/2024\/10\/9.png","type":"","width":"","height":""}],"twitter_card":"summary_large_image","twitter_misc":{"Estimated reading time":"1 minute"},"schema":{"@context":"https:\/\/schema.org","@graph":[{"@type":"WebPage","@id":"https:\/\/messeguerbarbershop.com\/","url":"https:\/\/messeguerbarbershop.com\/","name":"Inicio - Messeguer Barbershop","isPartOf":{"@id":"https:\/\/messeguerbarbershop.com\/#website"},"primaryImageOfPage":{"@id":"https:\/\/messeguerbarbershop.com\/#primaryimage"},"image":{"@id":"https:\/\/messeguerbarbershop.com\/#primaryimage"},"thumbnailUrl":"https:\/\/messeguerbarbershop.com\/wp-content\/uploads\/2024\/10\/9.png","datePublished":"2024-10-09T11:09:29+00:00","dateModified":"2024-10-24T07:06:47+00:00","breadcrumb":{"@id":"https:\/\/messeguerbarbershop.com\/#breadcrumb"},"inLanguage":"en-GB","potentialAction":[{"@type":"ReadAction","target":["https:\/\/messeguerbarbershop.com\/"]}]},{"@type":"ImageObject","inLanguage":"en-GB","@id":"https:\/\/messeguerbarbershop.com\/#primaryimage","url":"https:\/\/messeguerbarbershop.com\/wp-content\/uploads\/2024\/10\/9.png","contentUrl":"https:\/\/messeguerbarbershop.com\/wp-content\/uploads\/2024\/10\/9.png"},{"@type":"BreadcrumbList","@id":"https:\/\/messeguerbarbershop.com\/#breadcrumb","itemListElement":[{"@type":"ListItem","position":1,"name":"Portada","item":"https:\/\/messeguerbarbershop.com\/"},{"@type":"ListItem","position":2,"name":"Inicio"}]},{"@type":"WebSite","@id":"https:\/\/messeguerbarbershop.com\/#website","url":"https:\/\/messeguerbarbershop.com\/","name":"Messeguer Barbershop","description":"Manicurista y pedicura","publisher":{"@id":"https:\/\/messeguerbarbershop.com\/#organization"},"potentialAction":[{"@type":"SearchAction","target":{"@type":"EntryPoint","urlTemplate":"https:\/\/messeguerbarbershop.com\/?s={search_term_string}"},"query-input":{"@type":"PropertyValueSpecification","valueRequired":true,"valueName":"search_term_string"}}],"inLanguage":"en-GB"},{"@type":"Organization","@id":"https:\/\/messeguerbarbershop.com\/#organization","name":"Messeguer Barbershop","url":"https:\/\/messeguerbarbershop.com\/","logo":{"@type":"ImageObject","inLanguage":"en-GB","@id":"https:\/\/messeguerbarbershop.com\/#\/schema\/logo\/image\/","url":"https:\/\/messeguerbarbershop.com\/wp-content\/uploads\/2024\/10\/cropped-Design-sem-nome.png","contentUrl":"https:\/\/messeguerbarbershop.com\/wp-content\/uploads\/2024\/10\/cropped-Design-sem-nome.png","width":1080,"height":1070,"caption":"Messeguer Barbershop"},"image":{"@id":"https:\/\/messeguerbarbershop.com\/#\/schema\/logo\/image\/"}}]}},"_links":{"self":[{"href":"https:\/\/messeguerbarbershop.com\/en\/wp-json\/wp\/v2\/pages\/2","targetHints":{"allow":["GET"]}}],"collection":[{"href":"https:\/\/messeguerbarbershop.com\/en\/wp-json\/wp\/v2\/pages"}],"about":[{"href":"https:\/\/messeguerbarbershop.com\/en\/wp-json\/wp\/v2\/types\/page"}],"author":[{"embeddable":true,"href":"https:\/\/messeguerbarbershop.com\/en\/wp-json\/wp\/v2\/users\/1"}],"replies":[{"embeddable":true,"href":"https:\/\/messeguerbarbershop.com\/en\/wp-json\/wp\/v2\/comments?post=2"}],"version-history":[{"count":83,"href":"https:\/\/messeguerbarbershop.com\/en\/wp-json\/wp\/v2\/pages\/2\/revisions"}],"predecessor-version":[{"id":1785,"href":"https:\/\/messeguerbarbershop.com\/en\/wp-json\/wp\/v2\/pages\/2\/revisions\/1785"}],"wp:attachment":[{"href":"https:\/\/messeguerbarbershop.com\/en\/wp-json\/wp\/v2\/media?parent=2"}],"curies":[{"name":"wp","href":"https:\/\/api.w.org\/{rel}","templated":true}]}}